{"id":279,"date":"2021-02-02T14:18:23","date_gmt":"2021-02-02T14:18:23","guid":{"rendered":"https:\/\/wagner-schaffner.lu\/accueil\/"},"modified":"2021-02-19T08:51:51","modified_gmt":"2021-02-19T08:51:51","slug":"accueil","status":"publish","type":"page","link":"https:\/\/wagner-schaffner.lu\/de\/","title":{"rendered":"Startseite"},"content":{"rendered":"<h2>Willkommen<\/h2>\n<p>In der ersten Zeit nach unserer Gr\u00fcndung im Jahr 1950 widmete sich Wagner Schaffner vor allem der Heizungs- und Sanit\u00e4rtechnik.<\/p>\n<p>Seit den 1980er Jahren sind wir jedoch auch in den Bereichen L\u00fcftung, Klimatisierung, erneuerbare Energien und Biogasanlagen t\u00e4tig.<\/p>\n<p>Andr\u00e9 de Marie<\/p>\n","protected":false},"excerpt":{"rendered":"<p>Willkommen In der ersten Zeit nach unserer Gr\u00fcndung im Jahr 1950 widmete sich Wagner Schaffner vor allem der Heizungs- und Sanit\u00e4rtechnik. Seit den 1980er Jahren sind wir jedoch auch in den Bereichen L\u00fcftung, Klimatisierung, erneuerbare Energien und Biogasanlagen t\u00e4tig. Andr\u00e9 de Marie<\/p>\n","protected":false},"author":2,"featured_media":163,"parent":0,"menu_order":0,"comment_status":"closed","ping_status":"closed","template":"","meta":{"footnotes":""},"acf":[],"yoast_head":"<!-- This site is optimized with the Yoast SEO plugin v22.6 - https:\/\/yoast.com\/wordpress\/plugins\/seo\/ -->\n<title>Startseite - Wagner Schaffner<\/title>\n<meta name=\"robots\" content=\"index, follow, max-snippet:-1, max-image-preview:large, max-video-preview:-1\" \/>\n<link rel=\"canonical\" href=\"https:\/\/wagner-schaffner.lu\/de\/\" \/>\n<meta property=\"og:locale\" content=\"de_DE\" \/>\n<meta property=\"og:type\" content=\"article\" \/>\n<meta property=\"og:title\" content=\"Startseite - Wagner Schaffner\" \/>\n<meta property=\"og:description\" content=\"Willkommen In der ersten Zeit nach unserer Gr\u00fcndung im Jahr 1950 widmete sich Wagner Schaffner vor allem der Heizungs- und Sanit\u00e4rtechnik. Seit den 1980er Jahren sind wir jedoch auch in den Bereichen L\u00fcftung, Klimatisierung, erneuerbare Energien und Biogasanlagen t\u00e4tig. Andr\u00e9 de Marie\" \/>\n<meta property=\"og:url\" content=\"https:\/\/wagner-schaffner.lu\/de\/\" \/>\n<meta property=\"og:site_name\" content=\"Wagner Schaffner\" \/>\n<meta property=\"article:modified_time\" content=\"2021-02-19T08:51:51+00:00\" \/>\n<meta property=\"og:image\" content=\"https:\/\/wagner-schaffner.lu\/wp-content\/uploads\/2021\/02\/dreamstime_xxl_6903029-1.jpg\" \/>\n\t<meta property=\"og:image:width\" content=\"2124\" \/>\n\t<meta property=\"og:image:height\" content=\"1412\" \/>\n\t<meta property=\"og:image:type\" content=\"image\/jpeg\" \/>\n<meta name=\"twitter:card\" content=\"summary_large_image\" \/>\n<script type=\"application\/ld+json\" class=\"yoast-schema-graph\">{\"@context\":\"https:\/\/schema.org\",\"@graph\":[{\"@type\":\"WebPage\",\"@id\":\"https:\/\/wagner-schaffner.lu\/de\/\",\"url\":\"https:\/\/wagner-schaffner.lu\/de\/\",\"name\":\"Startseite - Wagner Schaffner\",\"isPartOf\":{\"@id\":\"https:\/\/wagner-schaffner.lu\/#website\"},\"primaryImageOfPage\":{\"@id\":\"https:\/\/wagner-schaffner.lu\/de\/#primaryimage\"},\"image\":{\"@id\":\"https:\/\/wagner-schaffner.lu\/de\/#primaryimage\"},\"thumbnailUrl\":\"https:\/\/wagner-schaffner.lu\/wp-content\/uploads\/2021\/02\/dreamstime_xxl_6903029-1.jpg\",\"datePublished\":\"2021-02-02T14:18:23+00:00\",\"dateModified\":\"2021-02-19T08:51:51+00:00\",\"inLanguage\":\"de-DE\",\"potentialAction\":[{\"@type\":\"ReadAction\",\"target\":[\"https:\/\/wagner-schaffner.lu\/de\/\"]}]},{\"@type\":\"ImageObject\",\"inLanguage\":\"de-DE\",\"@id\":\"https:\/\/wagner-schaffner.lu\/de\/#primaryimage\",\"url\":\"https:\/\/wagner-schaffner.lu\/wp-content\/uploads\/2021\/02\/dreamstime_xxl_6903029-1.jpg\",\"contentUrl\":\"https:\/\/wagner-schaffner.lu\/wp-content\/uploads\/2021\/02\/dreamstime_xxl_6903029-1.jpg\",\"width\":2124,\"height\":1412},{\"@type\":\"WebSite\",\"@id\":\"https:\/\/wagner-schaffner.lu\/#website\",\"url\":\"https:\/\/wagner-schaffner.lu\/\",\"name\":\"Wagner Schaffner\",\"description\":\"\",\"potentialAction\":[{\"@type\":\"SearchAction\",\"target\":{\"@type\":\"EntryPoint\",\"urlTemplate\":\"https:\/\/wagner-schaffner.lu\/?s={search_term_string}\"},\"query-input\":\"required name=search_term_string\"}],\"inLanguage\":\"de-DE\"}]}<\/script>\n<!-- \/ Yoast SEO plugin. -->","yoast_head_json":{"title":"Startseite - Wagner Schaffner","robots":{"index":"index","follow":"follow","max-snippet":"max-snippet:-1","max-image-preview":"max-image-preview:large","max-video-preview":"max-video-preview:-1"},"canonical":"https:\/\/wagner-schaffner.lu\/de\/","og_locale":"de_DE","og_type":"article","og_title":"Startseite - Wagner Schaffner","og_description":"Willkommen In der ersten Zeit nach unserer Gr\u00fcndung im Jahr 1950 widmete sich Wagner Schaffner vor allem der Heizungs- und Sanit\u00e4rtechnik. Seit den 1980er Jahren sind wir jedoch auch in den Bereichen L\u00fcftung, Klimatisierung, erneuerbare Energien und Biogasanlagen t\u00e4tig. Andr\u00e9 de Marie","og_url":"https:\/\/wagner-schaffner.lu\/de\/","og_site_name":"Wagner Schaffner","article_modified_time":"2021-02-19T08:51:51+00:00","og_image":[{"width":2124,"height":1412,"url":"https:\/\/wagner-schaffner.lu\/wp-content\/uploads\/2021\/02\/dreamstime_xxl_6903029-1.jpg","type":"image\/jpeg"}],"twitter_card":"summary_large_image","schema":{"@context":"https:\/\/schema.org","@graph":[{"@type":"WebPage","@id":"https:\/\/wagner-schaffner.lu\/de\/","url":"https:\/\/wagner-schaffner.lu\/de\/","name":"Startseite - Wagner Schaffner","isPartOf":{"@id":"https:\/\/wagner-schaffner.lu\/#website"},"primaryImageOfPage":{"@id":"https:\/\/wagner-schaffner.lu\/de\/#primaryimage"},"image":{"@id":"https:\/\/wagner-schaffner.lu\/de\/#primaryimage"},"thumbnailUrl":"https:\/\/wagner-schaffner.lu\/wp-content\/uploads\/2021\/02\/dreamstime_xxl_6903029-1.jpg","datePublished":"2021-02-02T14:18:23+00:00","dateModified":"2021-02-19T08:51:51+00:00","inLanguage":"de-DE","potentialAction":[{"@type":"ReadAction","target":["https:\/\/wagner-schaffner.lu\/de\/"]}]},{"@type":"ImageObject","inLanguage":"de-DE","@id":"https:\/\/wagner-schaffner.lu\/de\/#primaryimage","url":"https:\/\/wagner-schaffner.lu\/wp-content\/uploads\/2021\/02\/dreamstime_xxl_6903029-1.jpg","contentUrl":"https:\/\/wagner-schaffner.lu\/wp-content\/uploads\/2021\/02\/dreamstime_xxl_6903029-1.jpg","width":2124,"height":1412},{"@type":"WebSite","@id":"https:\/\/wagner-schaffner.lu\/#website","url":"https:\/\/wagner-schaffner.lu\/","name":"Wagner Schaffner","description":"","potentialAction":[{"@type":"SearchAction","target":{"@type":"EntryPoint","urlTemplate":"https:\/\/wagner-schaffner.lu\/?s={search_term_string}"},"query-input":"required name=search_term_string"}],"inLanguage":"de-DE"}]}},"_links":{"self":[{"href":"https:\/\/wagner-schaffner.lu\/de\/wp-json\/wp\/v2\/pages\/279"}],"collection":[{"href":"https:\/\/wagner-schaffner.lu\/de\/wp-json\/wp\/v2\/pages"}],"about":[{"href":"https:\/\/wagner-schaffner.lu\/de\/wp-json\/wp\/v2\/types\/page"}],"author":[{"embeddable":true,"href":"https:\/\/wagner-schaffner.lu\/de\/wp-json\/wp\/v2\/users\/2"}],"replies":[{"embeddable":true,"href":"https:\/\/wagner-schaffner.lu\/de\/wp-json\/wp\/v2\/comments?post=279"}],"version-history":[{"count":4,"href":"https:\/\/wagner-schaffner.lu\/de\/wp-json\/wp\/v2\/pages\/279\/revisions"}],"predecessor-version":[{"id":301,"href":"https:\/\/wagner-schaffner.lu\/de\/wp-json\/wp\/v2\/pages\/279\/revisions\/301"}],"wp:featuredmedia":[{"embeddable":true,"href":"https:\/\/wagner-schaffner.lu\/de\/wp-json\/wp\/v2\/media\/163"}],"wp:attachment":[{"href":"https:\/\/wagner-schaffner.lu\/de\/wp-json\/wp\/v2\/media?parent=279"}],"curies":[{"name":"wp","href":"https:\/\/api.w.org\/{rel}","templated":true}]}}