{"id":280,"date":"2021-02-02T13:07:11","date_gmt":"2021-02-02T13:07:11","guid":{"rendered":"https:\/\/wagner-schaffner.lu\/?page_id=280"},"modified":"2023-08-08T11:54:22","modified_gmt":"2023-08-08T11:54:22","slug":"privacy-policy","status":"publish","type":"page","link":"https:\/\/wagner-schaffner.lu\/de\/privacy-policy\/","title":{"rendered":"Impressum &amp; Datenschutzrichtlinie"},"content":{"rendered":"<h1>Impressum &amp; Datenschutzrichtlinie<\/h1>\n<h2>Verantwortlicher Herausgeber<\/h2>\n<p>Wagner Schaffner J. &amp; Cie s.\u00e0r.l.<\/p>\n<p>11 z.a.c. Klengbousbierg<br \/>\nL-7795 Bissen, Luxembourg<\/p>\n<p>T\u00e9l. +352 81 24 42 1<br \/>\nFax. +352 81 71 58<\/p>\n<p>ws@wagner-schaffner.lu<\/p>\n<h3>WEBDESIGN<\/h3>\n<p><strong>SAN S.\u00e0r.l. \u2013 Agence de communication<\/strong><\/p>\n<p>Kapellestrooss 9<br \/>\n9780 Wincrange<br \/>\nLuxembourg<\/p>\n<p>T\u00e9l.: +352 \/ 28 11 42 -1<\/p>\n<p><a href=\"http:\/\/www.san.lu\/\" target=\"_blank\" rel=\"noopener\">www.san.lu<\/a><\/p>\n<p>VAT ID: LU 23210683<\/p>\n<p>Matricule:20092408338<\/p>\n<p>RCS Luxembourg:\u00a0B 145615<\/p>\n<hr \/>\n<h3>PRODUCTION<\/h3>\n<p><strong>Digital Vision S.\u00e0 r.l. \u2013 Services informatiques<\/strong><\/p>\n<p>Am Hock, 4<br \/>\n9991 Weiswampach<br \/>\nLuxemburg<\/p>\n<p>T\u00e9l.: +352 206 011 02<\/p>\n<p>VAT ID: LU31296945<br \/>\nMatricule: 2019 2436495<br \/>\nRCS Luxembourg: B 235393<\/p>\n<hr \/>\n<h3>WEB HOSTING \/ DATACENTER<\/h3>\n<p><strong>SAS OVH<\/strong><\/p>\n<p>Rue Kellermann, 2<br \/>\n59100 Roubaix<br \/>\nFrankreich<\/p>\n<p><a class=\"no-smoothstate\" href=\"https:\/\/www.ovh.com\/fr\/support\/documents_legaux\" target=\"_blank\" rel=\"noopener\">https:\/\/www.ovh.com\/fr\/support\/documents_legaux<\/a><\/p>\n<p>VAT ID: FR 22 424 761 419<\/p>\n<p><strong>HostPress GmbH<\/strong><br \/>\nBahnhofstr. 34,<br \/>\n66571 Eppelborn<\/p>\n<p>Deutschland<\/p>\n<hr \/>\n<h2>Gesetzliche Informationen &amp; Nutzungsbedingungen<\/h2>\n<h3>Zugangsbedingungen zur Website<\/h3>\n<p>Jede Person (im Folgenden &#8220;der Nutzer&#8221;), die auf diese Website (im Folgenden &#8220;die Website&#8221;) zugreift, erkl\u00e4rt sich mit allen Bestimmungen und Nutzungsbedingungen der Website vorbehaltlos einverstanden. Die Website ist jederzeit und \u00fcberall auf der Welt zug\u00e4nglich. Der Nutzer, der sich mit der Website verbindet, tr\u00e4gt die alleinige Verantwortung f\u00fcr die Einhaltung der Gesetze und\/oder Vorschriften des Landes, in dem er seinen Wohnsitz hat, oder des Landes, von dem aus er sich mit der Website verbindet.<\/p>\n<h3>\u00c4nderungen der vorliegenden Nutzungsbedingungen, Zust\u00e4ndigkeit und anwendbares Recht<\/h3>\n<p>Die vorliegenden Nutzungsbedingungen k\u00f6nnen vom Herausgeber jederzeit ge\u00e4ndert werden. Die auf jedwede Verwendung der Website anwendbaren Nutzungsbedingungen sind die zum Zeitpunkt der Einsicht durch den Benutzer auf der Website ver\u00f6ffentlichten. Die Nichtigkeit oder Ung\u00fcltigkeit einer Bestimmung der vorliegenden Nutzungsbedingungen hat keine Auswirkungen auf die anderen Bestimmungen der vorliegenden Bedingungen.<\/p>\n<h2 id=\"privacy\">Privatsph\u00e4re und Datenschutz<\/h2>\n<h3>Verarbeitung der personenbezogenen Daten<\/h3>\n<p>Personenbezogene Daten d\u00fcrfen nur gem\u00e4\u00df den Regeln der Gesetze des Datenschutzes erhoben und verarbeitet werden.<br \/>\nIn bestimmten F\u00e4llen, speziell wenn der Benutzer auf der Website ein Formular ausf\u00fcllt und abschickt, ist es m\u00f6glich, dass bestimmte pers\u00f6nliche Daten auf dem Server gespeichert werden. Diese Informationen werden als vertraulich angesehen und entsprechend behandelt. Sie werden daher niemals ohne vorhergehende Zustimmung des Benutzers an Dritte verkauft oder weitergegeben.<br \/>\nWenn die Website \u00fcber einen Newsletter verf\u00fcgt, kann sich der Benutzer dort anmelden, um regelm\u00e4\u00dfig Informationen per E-Mail zu erhalten. In diesem Fall ben\u00f6tigt der Herausgeber eine g\u00fcltige E-Mail-Adresse, die der sich anmeldende Benutzer \u00fcber das entsprechende Formular \u00fcbermittelt. Der Benutzer best\u00e4tigt, der Eigent\u00fcmer der \u00fcbermittelten E-Mail-Adresse zu sein und erteilt seine Zustimmung f\u00fcr den Erhalt von E-Mails durch die Website oder den Herausgeber. Der Benutzer hat das Recht, sich jederzeit abzumelden.<br \/>\nDer Benutzer hat das Recht, seine pers\u00f6nlichen Daten einzusehen um deren Richtigkeit zu \u00fcberpr\u00fcfen und gegebenenfalls deren Berichtigung zu verlangen. Dazu schickt er einen Einschreibebrief an den Herausgeber der Website dessen Kontaktinformationen oben angegeben sind.<\/p>\n<h3>Kommentare<\/h3>\n<p>Wenn Sie einen Kommentar auf unserer Website hinterlassen, werden die im Kommentarformular eingegebenen Daten, sowie Ihre IP-Adresse und der User-Agent Ihres Browsers erfasst, damit wir unerw\u00fcnschte Kommentare aufsp\u00fcren k\u00f6nnen.<\/p>\n<p>Ein aus Ihrer E-Mail-Adresse erstellter anonymisierter String (auch Hash genannt), kann an den Gravatar-Dienst gesendet werden, um zu \u00fcberpr\u00fcfen, ob Sie den Dienst verwenden. Die Datenschutzerkl\u00e4rung des Gravatar-Dienstes finden Sie unter: <a href=\"https:\/\/automattic.com\/privacy\/\" target=\"_blank\" rel=\"noopener\">https:\/\/automattic.com\/privacy\/<\/a>. Nach Freigabe Ihres Kommentars, ist Ihr Profilbild neben Ihrem Kommentar \u00f6ffentlich sichtbar.<\/p>\n<h3>Medien<\/h3>\n<p>Wenn Sie ein registrierter Nutzer bzw. eine registrierte Nutzerin sind und Fotos auf die Website hochladen, empfehlen wir Ihnen, das Hochladen von Fotos mit EXIF-GPS-Koordinaten zu vermeiden. Besucher Ihrer Website k\u00f6nnen Standortdaten aus diesen Fotos herunterladen und extrahieren.<\/p>\n<h3>Kontaktformulare<\/h3>\n<p>Wenn Sie auf unsere Website eine Nachricht senden, werden die im Kontaktformular eingegebenen Daten erfasst, damit wir Ihre Anfrage beantworten k\u00f6nnen. Sie werden aufgefordert, Ihren Namen, Ihre E-Mail-Adresse und Ihre Telefonnummer anzugeben. Wir verwenden diese Daten nur zum Zwecke der Beantwortung Ihrer Anfrage und werden Ihre Daten gem\u00e4\u00df unserer Datenschutzrichtlinien vertraulich behandeln.<\/p>\n<h3>Inhalte anderer Webseiten<\/h3>\n<p>Beitr\u00e4ge auf dieser Website k\u00f6nnen eingebettete Inhalte enthalten (z.B. Videos, Bilder, Beitr\u00e4ge\u2026). Eingebettete Inhalte von anderen Websites verhalten sich genauso, als ob der Besucher diese andere Website besuchen w\u00fcrde. Diese Websites k\u00f6nnen Daten \u00fcber Sie erfassen, Cookies verwenden, Tracking-Tools von Dritten einbetten und Ihre Interaktionen mit solchen eingebetteten Inhalten verfolgen, falls Sie ein Konto auf deren Website angemeldet haben.<\/p>\n<h3>Verwendung von Cookies<\/h3>\n<p>Diese Website verwendet Cookies.<br \/>\nWie die meisten Websites, benutzt auch diese Website Cookies. Cookies sind kleine, ungef\u00e4hrliche Textdateien, die in keinem Fall Auswirkungen auf Ihr Privatleben oder die Sicherheit Ihres Rechners haben.<br \/>\nCookies verbessern den Komfort des Benutzers auf der Website und erlauben es dem Herausgeber, eine anonyme Besucherstatistik der Website zu f\u00fchren.<br \/>\nSehen Sie sich bitte die Anleitung Ihres Webbrowsers an, um Informationen dar\u00fcber zu erhalten, wie Sie Cookies auf Ihrem Computer verbieten oder l\u00f6schen k\u00f6nnen.<br \/>\nDer Herausgeber informiert den Benutzer dar\u00fcber, dass Cookies zur Verbesserung des Nutzungskomforts der Website, zur Verbesserung der Leistung und zur Erstellung von Besucherstatistiken verwendet werden.<br \/>\nDa die Website ohne Verwendung von Cookies nicht funktionieren kann, bitten wir jeden, der mit der Verwendung von Cookies nicht einverstanden ist, umgehend seine Browsersitzung auf der Website zu beenden.<\/p>\n<p>Nous vous donnons la possibilit\u00e9 de d\u00e9sactiver les cookies d\u00e9pos\u00e9s par le site internet et\/ou par les services tiers: Cookie-Verwaltung.<\/p>\n<h3>Verwendung von Google Analytics<\/h3>\n<p>Diese Website benutzt Google Analytics, einen Webanalysedienst der Google Inc. (\u00ab Google \u00bb). Google Analytics verwendet sog. &#8220;Cookies&#8221;, Textdateien, die auf Ihrem Computer gespeichert werden, und die eine Analyse der Verwendung der Website durch ihre Nutzer erm\u00f6glichen. Die durch die Nutzung dieser Website gesammelten Informationen werden in der Regel an einen Google-Server in den USA \u00fcbertragen und dort gespeichert. Durch die Aktivierung der Anonymisierung der IP auf dieser Website wird die IP-Adresse vor der \u00dcbertragung in die Mitgliedstaaten der Europ\u00e4ischen Union oder des Europ\u00e4ischen Wirtschaftsraums abgek\u00fcrzt. Die vollst\u00e4ndige IP-Adresse wird nur in Ausnahmef\u00e4llen an einen Google-Server in den USA gesendet, wo sie dann abgek\u00fcrzt wird.<br \/>\nL\u2019adresse IP anonym\u00e9e transmise par votre navigateur dans le cadre du service Google Analytics n\u2019est pas recoup\u00e9e avec d\u2019autres donn\u00e9es d\u00e9tenues par Google. Cookie-Verwaltung<\/p>\n<p>Sie k\u00f6nnen die Erfassung und Verarbeitung von cookiegenerierten Daten durch Google, die sich auf Ihre Nutzung der Website beziehen (einschlie\u00dflich Ihrer IP-Adresse) verhindern, indem Sie das unter dem folgenden Link verf\u00fcgbare Plug-In herunterladen und installieren: <a href=\"http:\/\/tools.google.com\/dlpage\/gaoptout?hl=fr\" target=\"_blank\" rel=\"noopener\">http:\/\/tools.google.com\/dlpage\/gaoptout?hl=fr<\/a><\/p>\n<p>Anstatt das Plugin zu installieren, k\u00f6nnen Sie auf diesen Link klicken, um in Zukunft die Erfassung Ihrer Daten beim Besuch dieser Website durch Google Analytics zu verhindern. Dazu wird ein Opt-Out-Cookie auf Ihr Ger\u00e4t gesetzt. Wenn Sie Cookies l\u00f6schen, m\u00fcssen Sie erneut auf diesen Link klicken.<\/p>\n<h3>Abgesicherter Datentransport<\/h3>\n<p>Ihre personenbezogenen Daten werden von uns verschl\u00fcsselt \u00fcbertragen. Dies gilt auch f\u00fcr Ihre Bestellung und Ihre Kundenverbindung. Zu diesem Zweck verwenden wir das Verschl\u00fcsselungssystem TLS (Transport Layer Security) oder SSL (Secure Socket Layer).<\/p>\n<p>Dar\u00fcber hinaus sichern wir unsere Website und andere Systeme durch technische und organisatorische Ma\u00dfnahmen gegen Verlust, Zerst\u00f6rung, Zugriff, Ver\u00e4nderung oder Verbreitung Ihrer Daten durch unbefugte Personen.<\/p>\n<h2>Nutzung privater Benutzerdaten<\/h2>\n<h3>Lagerzeit Ihrer pers\u00f6nlichen Daten<\/h3>\n<p>Wenn Sie einen Kommentar hinterlassen (sofern m\u00f6glich), werden Kommentar und dazugeh\u00f6rige Metadaten auf unbestimmte Zeit gespeichert. Dadurch werden Nachfolgekommentare automatisch erkannt und freigegeben, anstatt sie in der Moderatoren-Warteschlange festzuhalten.<\/p>\n<p>Wenn Sie uns \u00fcber ein Kontaktformular kontaktieren, werden diese Metadaten auf unbestimmte Zeit privat und sicher gespeichert. Ihre Nachricht wird an unsere Mailbox gesendet, auf die nur Mitarbeiter Zugriff haben.<\/p>\n<p>F\u00fcr NutzerInnen, die sich auf unserer Website registrieren (sofern m\u00f6glich), speichern wir auch die in ihrem Profil angegebenen personenbezogenen Daten. Alle NutzerInnen k\u00f6nnen ihre personenbezogenen Daten (mit Ausnahme ihres NutzerInnen-Namens) jederzeit einsehen, \u00e4ndern oder l\u00f6schen. Die Administratoren der Website haben auch Zugriff auf diese Informationen und k\u00f6nnen diese \u00e4ndern.<\/p>\n<h3>Eigene Rechte auf Ihre Daten<\/h3>\n<p>Wenn Sie ein Konto eingerichtet oder Kommentare auf der Website hinterlassen haben, k\u00f6nnen Sie eine Datei anfordern, die alle pers\u00f6nlichen Informationen enth\u00e4lt, die wir \u00fcber Sie gespeichert haben, einschlie\u00dflich der Informationen, die Sie uns zur Verf\u00fcgung gestellt haben. Sie k\u00f6nnen auch verlangen, dass Ihre personenbezogenen Daten gel\u00f6scht werden. F\u00fcr administrative, rechtliche oder sicherheitstechnische Zwecke gespeicherte Daten bleiben dabei unber\u00fccksichtigt.<\/p>\n<h3>Weitergeben Ihrer pers\u00f6nlichen Daten<\/h3>\n<p>Besucherkommentare k\u00f6nnen \u00fcber einen automatischen Spam-Kommentar-Erkennungsdienst verifiziert werden.<\/p>\n","protected":false},"excerpt":{"rendered":"<p>Impressum &amp; Datenschutzrichtlinie Verantwortlicher Herausgeber Wagner Schaffner J. &amp; Cie s.\u00e0r.l. 11 z.a.c. Klengbousbierg L-7795 Bissen, Luxembourg T\u00e9l. +352 81 24 42 1 Fax. +352 81 71 58 ws@wagner-schaffner.lu WEBDESIGN SAN S.\u00e0r.l. \u2013 Agence de communication Kapellestrooss 9 9780 Wincrange Luxembourg T\u00e9l.: +352 \/ 28 11 42 -1 www.san.lu VAT ID: LU 23210683 Matricule:20092408338 RCS [&hellip;]<\/p>\n","protected":false},"author":2,"featured_media":0,"parent":0,"menu_order":0,"comment_status":"closed","ping_status":"closed","template":"page-contenu.php","meta":{"footnotes":""},"acf":[],"yoast_head":"<!-- This site is optimized with the Yoast SEO plugin v22.6 - https:\/\/yoast.com\/wordpress\/plugins\/seo\/ -->\n<title>Impressum &amp; Datenschutzrichtlinie - Wagner Schaffner<\/title>\n<meta name=\"robots\" content=\"index, follow, max-snippet:-1, max-image-preview:large, max-video-preview:-1\" \/>\n<link rel=\"canonical\" href=\"https:\/\/wagner-schaffner.lu\/de\/privacy-policy\/\" \/>\n<meta property=\"og:locale\" content=\"de_DE\" \/>\n<meta property=\"og:type\" content=\"article\" \/>\n<meta property=\"og:title\" content=\"Impressum &amp; Datenschutzrichtlinie - Wagner Schaffner\" \/>\n<meta property=\"og:description\" content=\"Impressum &amp; Datenschutzrichtlinie Verantwortlicher Herausgeber Wagner Schaffner J. &amp; Cie s.\u00e0r.l. 11 z.a.c. Klengbousbierg L-7795 Bissen, Luxembourg T\u00e9l. +352 81 24 42 1 Fax. +352 81 71 58 ws@wagner-schaffner.lu WEBDESIGN SAN S.\u00e0r.l. \u2013 Agence de communication Kapellestrooss 9 9780 Wincrange Luxembourg T\u00e9l.: +352 \/ 28 11 42 -1 www.san.lu VAT ID: LU 23210683 Matricule:20092408338 RCS [&hellip;]\" \/>\n<meta property=\"og:url\" content=\"https:\/\/wagner-schaffner.lu\/de\/privacy-policy\/\" \/>\n<meta property=\"og:site_name\" content=\"Wagner Schaffner\" \/>\n<meta property=\"article:modified_time\" content=\"2023-08-08T11:54:22+00:00\" \/>\n<meta name=\"twitter:card\" content=\"summary_large_image\" \/>\n<meta name=\"twitter:label1\" content=\"Est. reading time\" \/>\n\t<meta name=\"twitter:data1\" content=\"7 minutes\" \/>\n<script type=\"application\/ld+json\" class=\"yoast-schema-graph\">{\"@context\":\"https:\/\/schema.org\",\"@graph\":[{\"@type\":\"WebPage\",\"@id\":\"https:\/\/wagner-schaffner.lu\/de\/privacy-policy\/\",\"url\":\"https:\/\/wagner-schaffner.lu\/de\/privacy-policy\/\",\"name\":\"Impressum &amp; Datenschutzrichtlinie - Wagner Schaffner\",\"isPartOf\":{\"@id\":\"https:\/\/wagner-schaffner.lu\/#website\"},\"datePublished\":\"2021-02-02T13:07:11+00:00\",\"dateModified\":\"2023-08-08T11:54:22+00:00\",\"inLanguage\":\"de-DE\",\"potentialAction\":[{\"@type\":\"ReadAction\",\"target\":[\"https:\/\/wagner-schaffner.lu\/de\/privacy-policy\/\"]}]},{\"@type\":\"WebSite\",\"@id\":\"https:\/\/wagner-schaffner.lu\/#website\",\"url\":\"https:\/\/wagner-schaffner.lu\/\",\"name\":\"Wagner Schaffner\",\"description\":\"\",\"potentialAction\":[{\"@type\":\"SearchAction\",\"target\":{\"@type\":\"EntryPoint\",\"urlTemplate\":\"https:\/\/wagner-schaffner.lu\/?s={search_term_string}\"},\"query-input\":\"required name=search_term_string\"}],\"inLanguage\":\"de-DE\"}]}<\/script>\n<!-- \/ Yoast SEO plugin. -->","yoast_head_json":{"title":"Impressum &amp; Datenschutzrichtlinie - Wagner Schaffner","robots":{"index":"index","follow":"follow","max-snippet":"max-snippet:-1","max-image-preview":"max-image-preview:large","max-video-preview":"max-video-preview:-1"},"canonical":"https:\/\/wagner-schaffner.lu\/de\/privacy-policy\/","og_locale":"de_DE","og_type":"article","og_title":"Impressum &amp; Datenschutzrichtlinie - Wagner Schaffner","og_description":"Impressum &amp; Datenschutzrichtlinie Verantwortlicher Herausgeber Wagner Schaffner J. &amp; Cie s.\u00e0r.l. 11 z.a.c. Klengbousbierg L-7795 Bissen, Luxembourg T\u00e9l. +352 81 24 42 1 Fax. +352 81 71 58 ws@wagner-schaffner.lu WEBDESIGN SAN S.\u00e0r.l. \u2013 Agence de communication Kapellestrooss 9 9780 Wincrange Luxembourg T\u00e9l.: +352 \/ 28 11 42 -1 www.san.lu VAT ID: LU 23210683 Matricule:20092408338 RCS [&hellip;]","og_url":"https:\/\/wagner-schaffner.lu\/de\/privacy-policy\/","og_site_name":"Wagner Schaffner","article_modified_time":"2023-08-08T11:54:22+00:00","twitter_card":"summary_large_image","twitter_misc":{"Est. reading time":"7 minutes"},"schema":{"@context":"https:\/\/schema.org","@graph":[{"@type":"WebPage","@id":"https:\/\/wagner-schaffner.lu\/de\/privacy-policy\/","url":"https:\/\/wagner-schaffner.lu\/de\/privacy-policy\/","name":"Impressum &amp; Datenschutzrichtlinie - Wagner Schaffner","isPartOf":{"@id":"https:\/\/wagner-schaffner.lu\/#website"},"datePublished":"2021-02-02T13:07:11+00:00","dateModified":"2023-08-08T11:54:22+00:00","inLanguage":"de-DE","potentialAction":[{"@type":"ReadAction","target":["https:\/\/wagner-schaffner.lu\/de\/privacy-policy\/"]}]},{"@type":"WebSite","@id":"https:\/\/wagner-schaffner.lu\/#website","url":"https:\/\/wagner-schaffner.lu\/","name":"Wagner Schaffner","description":"","potentialAction":[{"@type":"SearchAction","target":{"@type":"EntryPoint","urlTemplate":"https:\/\/wagner-schaffner.lu\/?s={search_term_string}"},"query-input":"required name=search_term_string"}],"inLanguage":"de-DE"}]}},"_links":{"self":[{"href":"https:\/\/wagner-schaffner.lu\/de\/wp-json\/wp\/v2\/pages\/280"}],"collection":[{"href":"https:\/\/wagner-schaffner.lu\/de\/wp-json\/wp\/v2\/pages"}],"about":[{"href":"https:\/\/wagner-schaffner.lu\/de\/wp-json\/wp\/v2\/types\/page"}],"author":[{"embeddable":true,"href":"https:\/\/wagner-schaffner.lu\/de\/wp-json\/wp\/v2\/users\/2"}],"replies":[{"embeddable":true,"href":"https:\/\/wagner-schaffner.lu\/de\/wp-json\/wp\/v2\/comments?post=280"}],"version-history":[{"count":8,"href":"https:\/\/wagner-schaffner.lu\/de\/wp-json\/wp\/v2\/pages\/280\/revisions"}],"predecessor-version":[{"id":5499,"href":"https:\/\/wagner-schaffner.lu\/de\/wp-json\/wp\/v2\/pages\/280\/revisions\/5499"}],"wp:attachment":[{"href":"https:\/\/wagner-schaffner.lu\/de\/wp-json\/wp\/v2\/media?parent=280"}],"curies":[{"name":"wp","href":"https:\/\/api.w.org\/{rel}","templated":true}]}}